{"id":2721,"date":"2025-02-27T15:19:44","date_gmt":"2025-02-27T15:19:44","guid":{"rendered":"https:\/\/fergoingenieria.com.co\/portal\/?page_id=2721"},"modified":"2025-02-27T15:21:41","modified_gmt":"2025-02-27T15:21:41","slug":"alquiler-y-venta","status":"publish","type":"page","link":"https:\/\/fergoingenieria.com.co\/portal\/alquiler-y-venta\/","title":{"rendered":"Alquiler y Venta"},"content":{"rendered":"\t\t<div data-elementor-type=\"wp-post\" data-elementor-id=\"2721\" class=\"elementor elementor-2721\" data-elementor-settings=\"{&quot;ha_cmc_init_switcher&quot;:&quot;no&quot;}\">\n\t\t\t\t\t\t<section class=\"elementor-section elementor-top-section elementor-element elementor-element-59f2b99 elementor-section-full_width elementor-section-height-default elementor-section-height-default\" data-id=\"59f2b99\" data-element_type=\"section\" data-settings=\"{&quot;background_background&quot;:&quot;classic&quot;,&quot;_ha_eqh_enable&quot;:false}\">\n\t\t\t\t\t\t\t<div class=\"elementor-background-overlay\"><\/div>\n\t\t\t\t\t\t\t<div class=\"elementor-container elementor-column-gap-default\">\n\t\t\t\t\t<div class=\"aux-parallax-section elementor-column elementor-col-100 elementor-top-column elementor-element elementor-element-85818a2\" data-id=\"85818a2\" data-element_type=\"column\">\n\t\t\t<div class=\"elementor-widget-wrap elementor-element-populated\">\n\t\t\t\t\t\t<div class=\"elementor-element elementor-element-d37c01d elementor-widget elementor-widget-aux_modern_heading\" data-id=\"d37c01d\" data-element_type=\"widget\" data-widget_type=\"aux_modern_heading.default\">\n\t\t\t\t<div class=\"elementor-widget-container\">\n\t\t\t\t\t<section class=\"aux-widget-modern-heading\">\n            <div class=\"aux-widget-inner\"><h2 class=\"aux-modern-heading-primary\">Alquiler y Venta<\/h2><div class=\"aux-modern-heading-divider\"><\/div><\/div>\n        <\/section>\t\t\t\t<\/div>\n\t\t\t\t<\/div>\n\t\t\t\t\t<\/div>\n\t\t<\/div>\n\t\t\t\t\t<\/div>\n\t\t<\/section>\n\t\t\t\t<section class=\"elementor-section elementor-top-section elementor-element elementor-element-7fbddf1 elementor-section-full_width elementor-section-height-default elementor-section-height-default\" data-id=\"7fbddf1\" data-element_type=\"section\" data-settings=\"{&quot;_ha_eqh_enable&quot;:false}\">\n\t\t\t\t\t\t<div class=\"elementor-container elementor-column-gap-default\">\n\t\t\t\t\t<div class=\"aux-parallax-section elementor-column elementor-col-100 elementor-top-column elementor-element elementor-element-115ac7d\" data-id=\"115ac7d\" data-element_type=\"column\">\n\t\t\t<div class=\"elementor-widget-wrap elementor-element-populated\">\n\t\t\t\t\t\t<section class=\"elementor-section elementor-inner-section elementor-element elementor-element-ed5a74b elementor-section-full_width elementor-section-height-default elementor-section-height-default\" data-id=\"ed5a74b\" data-element_type=\"section\" data-settings=\"{&quot;_ha_eqh_enable&quot;:false}\">\n\t\t\t\t\t\t<div class=\"elementor-container elementor-column-gap-extended\">\n\t\t\t\t\t<div class=\"aux-parallax-section elementor-column elementor-col-20 elementor-inner-column elementor-element elementor-element-bf9c457\" data-id=\"bf9c457\" data-element_type=\"column\">\n\t\t\t<div class=\"elementor-widget-wrap elementor-element-populated\">\n\t\t\t\t\t\t<div class=\"elementor-element elementor-element-80fa21a elementor-widget elementor-widget-image\" data-id=\"80fa21a\" data-element_type=\"widget\" data-widget_type=\"image.default\">\n\t\t\t\t<div class=\"elementor-widget-container\">\n\t\t\t\t\t\t\t\t\t\t\t\t\t\t\t<img fetchpriority=\"high\" decoding=\"async\" width=\"500\" height=\"580\" src=\"https:\/\/fergoingenieria.com.co\/portal\/wp-content\/uploads\/2025\/01\/andamio_Mesa-de-trabajo-1.jpg\" class=\"attachment-large size-large wp-image-922\" alt=\"\" srcset=\"https:\/\/fergoingenieria.com.co\/portal\/wp-content\/uploads\/2025\/01\/andamio_Mesa-de-trabajo-1.jpg 500w, https:\/\/fergoingenieria.com.co\/portal\/wp-content\/uploads\/2025\/01\/andamio_Mesa-de-trabajo-1-200x232.jpg 200w\" sizes=\"(max-width: 500px) 100vw, 500px\" \/>\t\t\t\t\t\t\t\t\t\t\t\t\t\t\t<\/div>\n\t\t\t\t<\/div>\n\t\t\t\t<div class=\"elementor-element elementor-element-2490623 elementor-widget elementor-widget-heading\" data-id=\"2490623\" data-element_type=\"widget\" data-widget_type=\"heading.default\">\n\t\t\t\t<div class=\"elementor-widget-container\">\n\t\t\t\t\t<h2 class=\"elementor-heading-title elementor-size-default\">Andamios certificados<\/h2>\t\t\t\t<\/div>\n\t\t\t\t<\/div>\n\t\t\t\t<div class=\"elementor-element elementor-element-8924d65 elementor-widget elementor-widget-text-editor\" data-id=\"8924d65\" data-element_type=\"widget\" data-widget_type=\"text-editor.default\">\n\t\t\t\t<div class=\"elementor-widget-container\">\n\t\t\t\t\t\t\t\t\t<p style=\"text-align: center;\">Servicio de alquiler, armado y venta de andamios certificados y convencionales. Brindan acceso seguro a zonas elevadas en construcci\u00f3n, reparaci\u00f3n y mantenimiento.<\/p>\t\t\t\t\t\t\t\t<\/div>\n\t\t\t\t<\/div>\n\t\t\t\t\t<\/div>\n\t\t<\/div>\n\t\t\t\t<div class=\"aux-parallax-section elementor-column elementor-col-20 elementor-inner-column elementor-element elementor-element-699f438\" data-id=\"699f438\" data-element_type=\"column\">\n\t\t\t<div class=\"elementor-widget-wrap elementor-element-populated\">\n\t\t\t\t\t\t<div class=\"elementor-element elementor-element-cd764e5 elementor-widget elementor-widget-image\" data-id=\"cd764e5\" data-element_type=\"widget\" data-widget_type=\"image.default\">\n\t\t\t\t<div class=\"elementor-widget-container\">\n\t\t\t\t\t\t\t\t\t\t\t\t\t\t\t<img decoding=\"async\" width=\"500\" height=\"580\" src=\"https:\/\/fergoingenieria.com.co\/portal\/wp-content\/uploads\/2025\/01\/Escaleras-Industriales-Dielectricas_equipos.png\" class=\"attachment-large size-large wp-image-906\" alt=\"\" srcset=\"https:\/\/fergoingenieria.com.co\/portal\/wp-content\/uploads\/2025\/01\/Escaleras-Industriales-Dielectricas_equipos.png 500w, https:\/\/fergoingenieria.com.co\/portal\/wp-content\/uploads\/2025\/01\/Escaleras-Industriales-Dielectricas_equipos-200x232.png 200w\" sizes=\"(max-width: 500px) 100vw, 500px\" \/>\t\t\t\t\t\t\t\t\t\t\t\t\t\t\t<\/div>\n\t\t\t\t<\/div>\n\t\t\t\t<div class=\"elementor-element elementor-element-656b798 elementor-widget elementor-widget-heading\" data-id=\"656b798\" data-element_type=\"widget\" data-widget_type=\"heading.default\">\n\t\t\t\t<div class=\"elementor-widget-container\">\n\t\t\t\t\t<h2 class=\"elementor-heading-title elementor-size-default\">Escaleras Industriales Diel\u00e9ctricas Certificada<\/h2>\t\t\t\t<\/div>\n\t\t\t\t<\/div>\n\t\t\t\t<div class=\"elementor-element elementor-element-d5ec32f elementor-widget elementor-widget-text-editor\" data-id=\"d5ec32f\" data-element_type=\"widget\" data-widget_type=\"text-editor.default\">\n\t\t\t\t<div class=\"elementor-widget-container\">\n\t\t\t\t\t\t\t\t\t<p style=\"text-align: center;\"><span style=\"font-weight: 400;\">Realizamos alquiler y venta de escaleras diel\u00e9ctricas certificadas teniendo en cuenta la normatividad de trabajo en alturas.<\/span><\/p>\t\t\t\t\t\t\t\t<\/div>\n\t\t\t\t<\/div>\n\t\t\t\t\t<\/div>\n\t\t<\/div>\n\t\t\t\t<div class=\"aux-parallax-section elementor-column elementor-col-20 elementor-inner-column elementor-element elementor-element-4b69e1f\" data-id=\"4b69e1f\" data-element_type=\"column\">\n\t\t\t<div class=\"elementor-widget-wrap elementor-element-populated\">\n\t\t\t\t\t\t<div class=\"elementor-element elementor-element-cc2054a elementor-widget elementor-widget-image\" data-id=\"cc2054a\" data-element_type=\"widget\" data-widget_type=\"image.default\">\n\t\t\t\t<div class=\"elementor-widget-container\">\n\t\t\t\t\t\t\t\t\t\t\t\t\t\t\t<img decoding=\"async\" width=\"500\" height=\"580\" src=\"https:\/\/fergoingenieria.com.co\/portal\/wp-content\/uploads\/2025\/01\/Linea-de-vida-retractil-Sealed-Blok_equipos.png\" class=\"attachment-large size-large wp-image-908\" alt=\"\" srcset=\"https:\/\/fergoingenieria.com.co\/portal\/wp-content\/uploads\/2025\/01\/Linea-de-vida-retractil-Sealed-Blok_equipos.png 500w, https:\/\/fergoingenieria.com.co\/portal\/wp-content\/uploads\/2025\/01\/Linea-de-vida-retractil-Sealed-Blok_equipos-200x232.png 200w\" sizes=\"(max-width: 500px) 100vw, 500px\" \/>\t\t\t\t\t\t\t\t\t\t\t\t\t\t\t<\/div>\n\t\t\t\t<\/div>\n\t\t\t\t<div class=\"elementor-element elementor-element-035b370 elementor-widget elementor-widget-heading\" data-id=\"035b370\" data-element_type=\"widget\" data-widget_type=\"heading.default\">\n\t\t\t\t<div class=\"elementor-widget-container\">\n\t\t\t\t\t<h2 class=\"elementor-heading-title elementor-size-default\">L\u00ednea de vida retr\u00e1ctil Sealed-Blok<\/h2>\t\t\t\t<\/div>\n\t\t\t\t<\/div>\n\t\t\t\t<div class=\"elementor-element elementor-element-2aaeefc elementor-widget elementor-widget-text-editor\" data-id=\"2aaeefc\" data-element_type=\"widget\" data-widget_type=\"text-editor.default\">\n\t\t\t\t<div class=\"elementor-widget-container\">\n\t\t\t\t\t\t\t\t\t<p style=\"text-align: center;\"><span style=\"font-weight: 400;\">La l\u00ednea de vida retr\u00e1ctil Sealed-Blok 3400652 forma parte de la amplia gama de dispositivos autorretr\u00e1ctiles de 3M\u2122 DBI-SALA\u00ae.<\/span><\/p>\t\t\t\t\t\t\t\t<\/div>\n\t\t\t\t<\/div>\n\t\t\t\t\t<\/div>\n\t\t<\/div>\n\t\t\t\t<div class=\"aux-parallax-section elementor-column elementor-col-20 elementor-inner-column elementor-element elementor-element-bfb8b72\" data-id=\"bfb8b72\" data-element_type=\"column\">\n\t\t\t<div class=\"elementor-widget-wrap elementor-element-populated\">\n\t\t\t\t\t\t<div class=\"elementor-element elementor-element-de95049 elementor-widget elementor-widget-image\" data-id=\"de95049\" data-element_type=\"widget\" data-widget_type=\"image.default\">\n\t\t\t\t<div class=\"elementor-widget-container\">\n\t\t\t\t\t\t\t\t\t\t\t\t\t\t\t<img loading=\"lazy\" decoding=\"async\" width=\"500\" height=\"580\" src=\"https:\/\/fergoingenieria.com.co\/portal\/wp-content\/uploads\/2025\/01\/tripode-certificado_equipos.png\" class=\"attachment-large size-large wp-image-909\" alt=\"\" srcset=\"https:\/\/fergoingenieria.com.co\/portal\/wp-content\/uploads\/2025\/01\/tripode-certificado_equipos.png 500w, https:\/\/fergoingenieria.com.co\/portal\/wp-content\/uploads\/2025\/01\/tripode-certificado_equipos-200x232.png 200w\" sizes=\"(max-width: 500px) 100vw, 500px\" \/>\t\t\t\t\t\t\t\t\t\t\t\t\t\t\t<\/div>\n\t\t\t\t<\/div>\n\t\t\t\t<div class=\"elementor-element elementor-element-1fe788f elementor-widget elementor-widget-heading\" data-id=\"1fe788f\" data-element_type=\"widget\" data-widget_type=\"heading.default\">\n\t\t\t\t<div class=\"elementor-widget-container\">\n\t\t\t\t\t<h2 class=\"elementor-heading-title elementor-size-default\">Tr\u00edpode certificado<\/h2>\t\t\t\t<\/div>\n\t\t\t\t<\/div>\n\t\t\t\t<div class=\"elementor-element elementor-element-3ecd35f elementor-widget elementor-widget-text-editor\" data-id=\"3ecd35f\" data-element_type=\"widget\" data-widget_type=\"text-editor.default\">\n\t\t\t\t<div class=\"elementor-widget-container\">\n\t\t\t\t\t\t\t\t\t<p style=\"text-align: center;\">Alquiler de tr\u00edpode para trabajos en espacios confinados. Equipo esencial que proporciona un punto de anclaje seguro para trabajos en altura y rescate.<\/p>\t\t\t\t\t\t\t\t<\/div>\n\t\t\t\t<\/div>\n\t\t\t\t\t<\/div>\n\t\t<\/div>\n\t\t\t\t<div class=\"aux-parallax-section elementor-column elementor-col-20 elementor-inner-column elementor-element elementor-element-d519ffe\" data-id=\"d519ffe\" data-element_type=\"column\">\n\t\t\t<div class=\"elementor-widget-wrap elementor-element-populated\">\n\t\t\t\t\t\t<div class=\"elementor-element elementor-element-5cc6796 elementor-widget elementor-widget-image\" data-id=\"5cc6796\" data-element_type=\"widget\" data-widget_type=\"image.default\">\n\t\t\t\t<div class=\"elementor-widget-container\">\n\t\t\t\t\t\t\t\t\t\t\t\t\t\t\t<img loading=\"lazy\" decoding=\"async\" width=\"500\" height=\"580\" src=\"https:\/\/fergoingenieria.com.co\/portal\/wp-content\/uploads\/2025\/01\/Mono-sensores-H2S_equipos.png\" class=\"attachment-large size-large wp-image-910\" alt=\"\" srcset=\"https:\/\/fergoingenieria.com.co\/portal\/wp-content\/uploads\/2025\/01\/Mono-sensores-H2S_equipos.png 500w, https:\/\/fergoingenieria.com.co\/portal\/wp-content\/uploads\/2025\/01\/Mono-sensores-H2S_equipos-200x232.png 200w\" sizes=\"(max-width: 500px) 100vw, 500px\" \/>\t\t\t\t\t\t\t\t\t\t\t\t\t\t\t<\/div>\n\t\t\t\t<\/div>\n\t\t\t\t<div class=\"elementor-element elementor-element-9923862 elementor-widget elementor-widget-heading\" data-id=\"9923862\" data-element_type=\"widget\" data-widget_type=\"heading.default\">\n\t\t\t\t<div class=\"elementor-widget-container\">\n\t\t\t\t\t<h2 class=\"elementor-heading-title elementor-size-default\">Monosensores H2S<\/h2>\t\t\t\t<\/div>\n\t\t\t\t<\/div>\n\t\t\t\t<div class=\"elementor-element elementor-element-7d95897 elementor-widget elementor-widget-text-editor\" data-id=\"7d95897\" data-element_type=\"widget\" data-widget_type=\"text-editor.default\">\n\t\t\t\t<div class=\"elementor-widget-container\">\n\t\t\t\t\t\t\t\t\t<p style=\"text-align: center;\">Alquiler de monosensor H2S para proteger al trabajador en entornos peligrosos. Detecta sulfuro de hidr\u00f3geno, gas t\u00f3xico com\u00fan en industrias como refiner\u00edas y plantas de tratamiento.<\/p>\t\t\t\t\t\t\t\t<\/div>\n\t\t\t\t<\/div>\n\t\t\t\t\t<\/div>\n\t\t<\/div>\n\t\t\t\t\t<\/div>\n\t\t<\/section>\n\t\t\t\t<div class=\"elementor-element elementor-element-93e5b18 elementor-align-justify elementor-widget elementor-widget-button\" data-id=\"93e5b18\" data-element_type=\"widget\" data-widget_type=\"button.default\">\n\t\t\t\t<div class=\"elementor-widget-container\">\n\t\t\t\t\t\t\t\t\t<div class=\"elementor-button-wrapper\">\n\t\t\t\t\t<a class=\"elementor-button elementor-button-link elementor-size-sm\" href=\"http:\/\/wa.me\/\/573155391373\">\n\t\t\t\t\t\t<span class=\"elementor-button-content-wrapper\">\n\t\t\t\t\t\t\t\t\t<span class=\"elementor-button-text\">Solicitar equipo ahora<\/span>\n\t\t\t\t\t<\/span>\n\t\t\t\t\t<\/a>\n\t\t\t\t<\/div>\n\t\t\t\t\t\t\t\t<\/div>\n\t\t\t\t<\/div>\n\t\t\t\t\t<\/div>\n\t\t<\/div>\n\t\t\t\t\t<\/div>\n\t\t<\/section>\n\t\t\t\t<\/div>\n\t\t","protected":false},"excerpt":{"rendered":"<p>Alquiler y Venta Andamios certificados Servicio de alquiler, armado y venta de andamios certificados y convencionales. Brindan acceso seguro a zonas elevadas en construcci\u00f3n, reparaci\u00f3n y mantenimiento. Escaleras Industriales Diel\u00e9ctricas Certificada Realizamos alquiler y venta de escaleras diel\u00e9ctricas certificadas teniendo en cuenta la normatividad de trabajo en alturas. L\u00ednea de vida retr\u00e1ctil Sealed-Blok La l\u00ednea [&hellip;]<\/p>\n","protected":false},"author":3,"featured_media":0,"parent":0,"menu_order":0,"comment_status":"closed","ping_status":"closed","template":"elementor_header_footer","meta":{"footnotes":""},"class_list":["post-2721","page","type-page","status-publish","hentry"],"_links":{"self":[{"href":"https:\/\/fergoingenieria.com.co\/portal\/wp-json\/wp\/v2\/pages\/2721","targetHints":{"allow":["GET"]}}],"collection":[{"href":"https:\/\/fergoingenieria.com.co\/portal\/wp-json\/wp\/v2\/pages"}],"about":[{"href":"https:\/\/fergoingenieria.com.co\/portal\/wp-json\/wp\/v2\/types\/page"}],"author":[{"embeddable":true,"href":"https:\/\/fergoingenieria.com.co\/portal\/wp-json\/wp\/v2\/users\/3"}],"replies":[{"embeddable":true,"href":"https:\/\/fergoingenieria.com.co\/portal\/wp-json\/wp\/v2\/comments?post=2721"}],"version-history":[{"count":4,"href":"https:\/\/fergoingenieria.com.co\/portal\/wp-json\/wp\/v2\/pages\/2721\/revisions"}],"predecessor-version":[{"id":2725,"href":"https:\/\/fergoingenieria.com.co\/portal\/wp-json\/wp\/v2\/pages\/2721\/revisions\/2725"}],"wp:attachment":[{"href":"https:\/\/fergoingenieria.com.co\/portal\/wp-json\/wp\/v2\/media?parent=2721"}],"curies":[{"name":"wp","href":"https:\/\/api.w.org\/{rel}","templated":true}]}}