{"id":2554,"date":"2025-02-24T05:49:01","date_gmt":"2025-02-24T05:49:01","guid":{"rendered":"https:\/\/fergoingenieria.com.co\/portal\/?page_id=2554"},"modified":"2025-02-24T06:17:07","modified_gmt":"2025-02-24T06:17:07","slug":"redes-de-seguridad","status":"publish","type":"page","link":"https:\/\/fergoingenieria.com.co\/portal\/redes-de-seguridad\/","title":{"rendered":"Redes de Seguridad"},"content":{"rendered":"\t\t<div data-elementor-type=\"wp-post\" data-elementor-id=\"2554\" class=\"elementor elementor-2554\" data-elementor-settings=\"{&quot;ha_cmc_init_switcher&quot;:&quot;no&quot;}\">\n\t\t\t\t\t\t<section class=\"elementor-section elementor-top-section elementor-element elementor-element-59f2b99 elementor-section-full_width elementor-section-height-default elementor-section-height-default\" data-id=\"59f2b99\" data-element_type=\"section\" data-settings=\"{&quot;background_background&quot;:&quot;classic&quot;,&quot;_ha_eqh_enable&quot;:false}\">\n\t\t\t\t\t\t\t<div class=\"elementor-background-overlay\"><\/div>\n\t\t\t\t\t\t\t<div class=\"elementor-container elementor-column-gap-default\">\n\t\t\t\t\t<div class=\"aux-parallax-section elementor-column elementor-col-100 elementor-top-column elementor-element elementor-element-85818a2\" data-id=\"85818a2\" data-element_type=\"column\">\n\t\t\t<div class=\"elementor-widget-wrap elementor-element-populated\">\n\t\t\t\t\t\t<div class=\"elementor-element elementor-element-d37c01d elementor-widget elementor-widget-aux_modern_heading\" data-id=\"d37c01d\" data-element_type=\"widget\" data-widget_type=\"aux_modern_heading.default\">\n\t\t\t\t<div class=\"elementor-widget-container\">\n\t\t\t\t\t<section class=\"aux-widget-modern-heading\">\n            <div class=\"aux-widget-inner\"><h2 class=\"aux-modern-heading-primary\">Redes de Seguridad<\/h2><h3 class=\"aux-modern-heading-secondary\"><span class=\"aux-head-before\">Medidas de protecci\u00f3n <\/span><\/h3><div class=\"aux-modern-heading-divider\"><\/div><\/div>\n        <\/section>\t\t\t\t<\/div>\n\t\t\t\t<\/div>\n\t\t\t\t\t<\/div>\n\t\t<\/div>\n\t\t\t\t\t<\/div>\n\t\t<\/section>\n\t\t\t\t<section class=\"elementor-section elementor-top-section elementor-element elementor-element-7fbddf1 elementor-section-full_width elementor-section-height-default elementor-section-height-default\" data-id=\"7fbddf1\" data-element_type=\"section\" data-settings=\"{&quot;_ha_eqh_enable&quot;:false}\">\n\t\t\t\t\t\t<div class=\"elementor-container elementor-column-gap-default\">\n\t\t\t\t\t<div class=\"aux-parallax-section elementor-column elementor-col-50 elementor-top-column elementor-element elementor-element-115ac7d\" data-id=\"115ac7d\" data-element_type=\"column\">\n\t\t\t<div class=\"elementor-widget-wrap elementor-element-populated\">\n\t\t\t\t\t\t<div class=\"elementor-element elementor-element-d8dc131 elementor-widget elementor-widget-aux_modern_heading\" data-id=\"d8dc131\" data-element_type=\"widget\" data-widget_type=\"aux_modern_heading.default\">\n\t\t\t\t<div class=\"elementor-widget-container\">\n\t\t\t\t\t<section class=\"aux-widget-modern-heading\">\n            <div class=\"aux-widget-inner\"><h2 class=\"aux-modern-heading-primary\">Medidas de protecci\u00f3n <\/h2><h3 class=\"aux-modern-heading-secondary\"><span class=\"aux-head-before\">Qu\u00e9 son las Redes de Seguridad<\/span><\/h3><div class=\"aux-modern-heading-divider\"><\/div><div class=\"aux-modern-heading-description\"><p>Las<b>\u00a0redes de seguridad<\/b>\u00a0son\u00a0<b>sistemas de protecci\u00f3n colectiva destinadas a limitar la altura de ca\u00edda<\/b>, y que\u00a0<b>deber\u00e1n cumplir con una serie de condiciones y caracter\u00edsticas\u00a0<\/b>las cuales se describen a continuaci\u00f3n:<\/p><p>Deber\u00e1 tener la\u00a0<b>superficie\u00a0<\/b>necesaria<b>\u00a0para asegurar una protecci\u00f3n eficaz de la zona de peligro<\/b>, cubriendo todos los huecos posibles y no dejando espacios.<\/p><p>Tiene que aguantar la\u00a0<b>fuerza de impacto de una ca\u00edda\u00a0<\/b>de un hombre que cae desde una altura m\u00e1xima admisible (dos pisos aproximadamente) y deber\u00e1 hacerlo con un coeficiente de seguridad aceptable para que no se produzca su rotura.<\/p><p>Deber\u00e1 disponer de la suficiente<b>\u00a0flexibilidad<\/b>\u00a0para hacer bolsa y de esta manera retener al accidentado como si de un saco se tratase.<br \/>Deber\u00e1 ser resistente a los agentes atmosf\u00e9ricos como el sol o la lluvia.<\/p><\/div><\/div>\n        <\/section>\t\t\t\t<\/div>\n\t\t\t\t<\/div>\n\t\t\t\t<div class=\"elementor-element elementor-element-93e5b18 elementor-align-justify elementor-widget elementor-widget-button\" data-id=\"93e5b18\" data-element_type=\"widget\" data-widget_type=\"button.default\">\n\t\t\t\t<div class=\"elementor-widget-container\">\n\t\t\t\t\t\t\t\t\t<div class=\"elementor-button-wrapper\">\n\t\t\t\t\t<a class=\"elementor-button elementor-button-link elementor-size-sm\" href=\"#\">\n\t\t\t\t\t\t<span class=\"elementor-button-content-wrapper\">\n\t\t\t\t\t\t\t\t\t<span class=\"elementor-button-text\">Solicitar asesoria<\/span>\n\t\t\t\t\t<\/span>\n\t\t\t\t\t<\/a>\n\t\t\t\t<\/div>\n\t\t\t\t\t\t\t\t<\/div>\n\t\t\t\t<\/div>\n\t\t\t\t\t<\/div>\n\t\t<\/div>\n\t\t\t\t<div class=\"aux-parallax-section elementor-column elementor-col-50 elementor-top-column elementor-element elementor-element-81d1bcf\" data-id=\"81d1bcf\" data-element_type=\"column\">\n\t\t\t<div class=\"elementor-widget-wrap elementor-element-populated\">\n\t\t\t\t\t\t<div class=\"elementor-element elementor-element-8f23e26 elementor-widget elementor-widget-image\" data-id=\"8f23e26\" data-element_type=\"widget\" data-widget_type=\"image.default\">\n\t\t\t\t<div class=\"elementor-widget-container\">\n\t\t\t\t\t\t\t\t\t\t\t\t\t\t\t<img fetchpriority=\"high\" decoding=\"async\" width=\"1024\" height=\"1013\" src=\"https:\/\/fergoingenieria.com.co\/portal\/wp-content\/uploads\/2025\/02\/redes-de-seguridad-1024x1013.jpg\" class=\"attachment-large size-large wp-image-2577\" alt=\"\" \/>\t\t\t\t\t\t\t\t\t\t\t\t\t\t\t<\/div>\n\t\t\t\t<\/div>\n\t\t\t\t\t<\/div>\n\t\t<\/div>\n\t\t\t\t\t<\/div>\n\t\t<\/section>\n\t\t\t\t<section class=\"elementor-section elementor-top-section elementor-element elementor-element-29b832f elementor-section-full_width elementor-section-height-default elementor-section-height-default\" data-id=\"29b832f\" data-element_type=\"section\" id=\"l-vertical\" data-settings=\"{&quot;background_background&quot;:&quot;classic&quot;,&quot;_ha_eqh_enable&quot;:false}\">\n\t\t\t\t\t\t<div class=\"elementor-container elementor-column-gap-default\">\n\t\t\t\t\t<div class=\"aux-parallax-section elementor-column elementor-col-50 elementor-top-column elementor-element elementor-element-833f41f\" data-id=\"833f41f\" data-element_type=\"column\" data-settings=\"{&quot;background_background&quot;:&quot;classic&quot;}\">\n\t\t\t<div class=\"elementor-widget-wrap elementor-element-populated\">\n\t\t\t\t\t\t<div class=\"elementor-element elementor-element-e0ede1c elementor-widget elementor-widget-image\" data-id=\"e0ede1c\" data-element_type=\"widget\" data-widget_type=\"image.default\">\n\t\t\t\t<div class=\"elementor-widget-container\">\n\t\t\t\t\t\t\t\t\t\t\t\t\t\t\t<img decoding=\"async\" width=\"807\" height=\"1024\" src=\"https:\/\/fergoingenieria.com.co\/portal\/wp-content\/uploads\/2025\/02\/Edifici-25-VV-St-Andreu-807x1024.jpg\" class=\"attachment-large size-large wp-image-2591\" alt=\"\" \/>\t\t\t\t\t\t\t\t\t\t\t\t\t\t\t<\/div>\n\t\t\t\t<\/div>\n\t\t\t\t\t<\/div>\n\t\t<\/div>\n\t\t\t\t<div class=\"aux-parallax-section elementor-column elementor-col-50 elementor-top-column elementor-element elementor-element-0c355a2\" data-id=\"0c355a2\" data-element_type=\"column\">\n\t\t\t<div class=\"elementor-widget-wrap elementor-element-populated\">\n\t\t\t\t\t\t<div class=\"elementor-element elementor-element-a512e50 elementor-widget elementor-widget-aux_modern_heading\" data-id=\"a512e50\" data-element_type=\"widget\" data-widget_type=\"aux_modern_heading.default\">\n\t\t\t\t<div class=\"elementor-widget-container\">\n\t\t\t\t\t<section class=\"aux-widget-modern-heading\">\n            <div class=\"aux-widget-inner\"><h2 class=\"aux-modern-heading-primary\">Medidas de protecci\u00f3n<\/h2><h3 class=\"aux-modern-heading-secondary\"><span class=\"aux-head-before\">Caracter\u00edsticas y usos<\/span><\/h3><div class=\"aux-modern-heading-divider\"><\/div><div class=\"aux-modern-heading-description\"><p>Hay\u00a0<b>dos tipos de redes de seguridad<\/b>, las redes de\u00a0<b>prevenci\u00f3n o verticales<\/b>\u00a0las cuales impiden la ca\u00edda de las personas y las redes de\u00a0<b>protecci\u00f3n o recogida<\/b>, que limitan la ca\u00edda de personas.<\/p><\/div><\/div>\n        <\/section>\t\t\t\t<\/div>\n\t\t\t\t<\/div>\n\t\t\t\t<div class=\"elementor-element elementor-element-bdba50c elementor-widget elementor-widget-heading\" data-id=\"bdba50c\" data-element_type=\"widget\" data-widget_type=\"heading.default\">\n\t\t\t\t<div class=\"elementor-widget-container\">\n\t\t\t\t\t<h4 class=\"elementor-heading-title elementor-size-default\">Clasificaci\u00f3n de Redes de Prevenci\u00f3n<\/h4>\t\t\t\t<\/div>\n\t\t\t\t<\/div>\n\t\t\t\t<div class=\"elementor-element elementor-element-b6443dc elementor-icon-list--layout-traditional elementor-list-item-link-full_width elementor-widget elementor-widget-icon-list\" data-id=\"b6443dc\" data-element_type=\"widget\" data-widget_type=\"icon-list.default\">\n\t\t\t\t<div class=\"elementor-widget-container\">\n\t\t\t\t\t\t\t<ul class=\"elementor-icon-list-items\">\n\t\t\t\t\t\t\t<li class=\"elementor-icon-list-item\">\n\t\t\t\t\t\t\t\t\t\t\t<span class=\"elementor-icon-list-icon\">\n\t\t\t\t\t\t\t<i aria-hidden=\"true\" class=\"fas fa-check-double\"><\/i>\t\t\t\t\t\t<\/span>\n\t\t\t\t\t\t\t\t\t\t<span class=\"elementor-icon-list-text\">Verticales utilizadas como barandillas en huecos y aberturas.<\/span>\n\t\t\t\t\t\t\t\t\t<\/li>\n\t\t\t\t\t\t\t\t<li class=\"elementor-icon-list-item\">\n\t\t\t\t\t\t\t\t\t\t\t<span class=\"elementor-icon-list-icon\">\n\t\t\t\t\t\t\t<i aria-hidden=\"true\" class=\"fas fa-check-double\"><\/i>\t\t\t\t\t\t<\/span>\n\t\t\t\t\t\t\t\t\t\t<span class=\"elementor-icon-list-text\">Verticales utilizadas en fachadas con o sin horcas.<\/span>\n\t\t\t\t\t\t\t\t\t<\/li>\n\t\t\t\t\t\t\t\t<li class=\"elementor-icon-list-item\">\n\t\t\t\t\t\t\t\t\t\t\t<span class=\"elementor-icon-list-icon\">\n\t\t\t\t\t\t\t<i aria-hidden=\"true\" class=\"fas fa-check-double\"><\/i>\t\t\t\t\t\t<\/span>\n\t\t\t\t\t\t\t\t\t\t<span class=\"elementor-icon-list-text\">Horizontales utilizadas habitualmente en protecci\u00f3n de cubiertas.<\/span>\n\t\t\t\t\t\t\t\t\t<\/li>\n\t\t\t\t\t\t<\/ul>\n\t\t\t\t\t\t<\/div>\n\t\t\t\t<\/div>\n\t\t\t\t<div class=\"elementor-element elementor-element-b20ca7b elementor-widget elementor-widget-heading\" data-id=\"b20ca7b\" data-element_type=\"widget\" data-widget_type=\"heading.default\">\n\t\t\t\t<div class=\"elementor-widget-container\">\n\t\t\t\t\t<h4 class=\"elementor-heading-title elementor-size-default\">Tipos de Redes de Protecci\u00f3n<\/h4>\t\t\t\t<\/div>\n\t\t\t\t<\/div>\n\t\t\t\t<div class=\"elementor-element elementor-element-e4a2b03 elementor-icon-list--layout-traditional elementor-list-item-link-full_width elementor-widget elementor-widget-icon-list\" data-id=\"e4a2b03\" data-element_type=\"widget\" data-widget_type=\"icon-list.default\">\n\t\t\t\t<div class=\"elementor-widget-container\">\n\t\t\t\t\t\t\t<ul class=\"elementor-icon-list-items\">\n\t\t\t\t\t\t\t<li class=\"elementor-icon-list-item\">\n\t\t\t\t\t\t\t\t\t\t\t<span class=\"elementor-icon-list-icon\">\n\t\t\t\t\t\t\t<i aria-hidden=\"true\" class=\"fas fa-check-double\"><\/i>\t\t\t\t\t\t<\/span>\n\t\t\t\t\t\t\t\t\t\t<span class=\"elementor-icon-list-text\">Prevenci\u00f3n vertical en huecos.<\/span>\n\t\t\t\t\t\t\t\t\t<\/li>\n\t\t\t\t\t\t\t\t<li class=\"elementor-icon-list-item\">\n\t\t\t\t\t\t\t\t\t\t\t<span class=\"elementor-icon-list-icon\">\n\t\t\t\t\t\t\t<i aria-hidden=\"true\" class=\"fas fa-check-double\"><\/i>\t\t\t\t\t\t<\/span>\n\t\t\t\t\t\t\t\t\t\t<span class=\"elementor-icon-list-text\">Prevenci\u00f3n verticales en aberturas.<\/span>\n\t\t\t\t\t\t\t\t\t<\/li>\n\t\t\t\t\t\t<\/ul>\n\t\t\t\t\t\t<\/div>\n\t\t\t\t<\/div>\n\t\t\t\t<div class=\"elementor-element elementor-element-f094e0d elementor-widget elementor-widget-text-editor\" data-id=\"f094e0d\" data-element_type=\"widget\" data-widget_type=\"text-editor.default\">\n\t\t\t\t<div class=\"elementor-widget-container\">\n\t\t\t\t\t\t\t\t\t<p>Estas \u00faltimas modalidades pueden ser utilizadas como barandilla para proteger bordes de forjados o en todo el per\u00edmetro de un hueco, siendo tambi\u00e9n utilizada como protecci\u00f3n de fachadas.<\/p>\t\t\t\t\t\t\t\t<\/div>\n\t\t\t\t<\/div>\n\t\t\t\t<div class=\"elementor-element elementor-element-49d287b elementor-align-justify elementor-widget elementor-widget-button\" data-id=\"49d287b\" data-element_type=\"widget\" data-widget_type=\"button.default\">\n\t\t\t\t<div class=\"elementor-widget-container\">\n\t\t\t\t\t\t\t\t\t<div class=\"elementor-button-wrapper\">\n\t\t\t\t\t<a class=\"elementor-button elementor-button-link elementor-size-sm\" href=\"#\">\n\t\t\t\t\t\t<span class=\"elementor-button-content-wrapper\">\n\t\t\t\t\t\t\t\t\t<span class=\"elementor-button-text\">Solictar asesoria<\/span>\n\t\t\t\t\t<\/span>\n\t\t\t\t\t<\/a>\n\t\t\t\t<\/div>\n\t\t\t\t\t\t\t\t<\/div>\n\t\t\t\t<\/div>\n\t\t\t\t\t<\/div>\n\t\t<\/div>\n\t\t\t\t\t<\/div>\n\t\t<\/section>\n\t\t\t\t<section class=\"elementor-section elementor-top-section elementor-element elementor-element-e338f19 elementor-section-boxed elementor-section-height-default elementor-section-height-default\" data-id=\"e338f19\" data-element_type=\"section\" data-settings=\"{&quot;_ha_eqh_enable&quot;:false}\">\n\t\t\t\t\t\t<div class=\"elementor-container elementor-column-gap-default\">\n\t\t\t\t\t<div class=\"aux-parallax-section elementor-column elementor-col-100 elementor-top-column elementor-element elementor-element-d6d5ac1\" data-id=\"d6d5ac1\" data-element_type=\"column\">\n\t\t\t<div class=\"elementor-widget-wrap\">\n\t\t\t\t\t\t\t<\/div>\n\t\t<\/div>\n\t\t\t\t\t<\/div>\n\t\t<\/section>\n\t\t\t\t<section class=\"elementor-section elementor-top-section elementor-element elementor-element-1fd6dd8 elementor-section-boxed elementor-section-height-default elementor-section-height-default\" data-id=\"1fd6dd8\" data-element_type=\"section\" data-settings=\"{&quot;_ha_eqh_enable&quot;:false}\">\n\t\t\t\t\t\t<div class=\"elementor-container elementor-column-gap-default\">\n\t\t\t\t\t<div class=\"aux-parallax-section elementor-column elementor-col-100 elementor-top-column elementor-element elementor-element-646451f\" data-id=\"646451f\" data-element_type=\"column\">\n\t\t\t<div class=\"elementor-widget-wrap\">\n\t\t\t\t\t\t\t<\/div>\n\t\t<\/div>\n\t\t\t\t\t<\/div>\n\t\t<\/section>\n\t\t\t\t<section class=\"elementor-section elementor-top-section elementor-element elementor-element-cb77ab8 elementor-section-boxed elementor-section-height-default elementor-section-height-default\" data-id=\"cb77ab8\" data-element_type=\"section\" data-settings=\"{&quot;_ha_eqh_enable&quot;:false}\">\n\t\t\t\t\t\t<div class=\"elementor-container elementor-column-gap-default\">\n\t\t\t\t\t<div class=\"aux-parallax-section elementor-column elementor-col-100 elementor-top-column elementor-element elementor-element-4ea7f60\" data-id=\"4ea7f60\" data-element_type=\"column\">\n\t\t\t<div class=\"elementor-widget-wrap\">\n\t\t\t\t\t\t\t<\/div>\n\t\t<\/div>\n\t\t\t\t\t<\/div>\n\t\t<\/section>\n\t\t\t\t<\/div>\n\t\t","protected":false},"excerpt":{"rendered":"<p>Redes de Seguridad Medidas de protecci\u00f3n Medidas de protecci\u00f3n Qu\u00e9 son las Redes de Seguridad Las\u00a0redes de seguridad\u00a0son\u00a0sistemas de protecci\u00f3n colectiva destinadas a limitar la altura de ca\u00edda, y que\u00a0deber\u00e1n cumplir con una serie de condiciones y caracter\u00edsticas\u00a0las cuales se describen a continuaci\u00f3n: Deber\u00e1 tener la\u00a0superficie\u00a0necesaria\u00a0para asegurar una protecci\u00f3n eficaz de la zona de peligro, [&hellip;]<\/p>\n","protected":false},"author":5,"featured_media":0,"parent":0,"menu_order":0,"comment_status":"closed","ping_status":"closed","template":"elementor_header_footer","meta":{"footnotes":""},"class_list":["post-2554","page","type-page","status-publish","hentry"],"_links":{"self":[{"href":"https:\/\/fergoingenieria.com.co\/portal\/wp-json\/wp\/v2\/pages\/2554","targetHints":{"allow":["GET"]}}],"collection":[{"href":"https:\/\/fergoingenieria.com.co\/portal\/wp-json\/wp\/v2\/pages"}],"about":[{"href":"https:\/\/fergoingenieria.com.co\/portal\/wp-json\/wp\/v2\/types\/page"}],"author":[{"embeddable":true,"href":"https:\/\/fergoingenieria.com.co\/portal\/wp-json\/wp\/v2\/users\/5"}],"replies":[{"embeddable":true,"href":"https:\/\/fergoingenieria.com.co\/portal\/wp-json\/wp\/v2\/comments?post=2554"}],"version-history":[{"count":19,"href":"https:\/\/fergoingenieria.com.co\/portal\/wp-json\/wp\/v2\/pages\/2554\/revisions"}],"predecessor-version":[{"id":2594,"href":"https:\/\/fergoingenieria.com.co\/portal\/wp-json\/wp\/v2\/pages\/2554\/revisions\/2594"}],"wp:attachment":[{"href":"https:\/\/fergoingenieria.com.co\/portal\/wp-json\/wp\/v2\/media?parent=2554"}],"curies":[{"name":"wp","href":"https:\/\/api.w.org\/{rel}","templated":true}]}}