{"id":2332,"date":"2025-02-24T01:30:15","date_gmt":"2025-02-24T01:30:15","guid":{"rendered":"https:\/\/fergoingenieria.com.co\/portal\/?page_id=2332"},"modified":"2025-02-24T02:38:52","modified_gmt":"2025-02-24T02:38:52","slug":"estructuras-metalicas","status":"publish","type":"page","link":"https:\/\/fergoingenieria.com.co\/portal\/estructuras-metalicas\/","title":{"rendered":"Estructuras metalicas"},"content":{"rendered":"\t\t<div data-elementor-type=\"wp-post\" data-elementor-id=\"2332\" class=\"elementor elementor-2332\" data-elementor-settings=\"{&quot;ha_cmc_init_switcher&quot;:&quot;no&quot;}\">\n\t\t\t\t\t\t<section class=\"elementor-section elementor-top-section elementor-element elementor-element-59f2b99 elementor-section-full_width elementor-section-height-default elementor-section-height-default\" data-id=\"59f2b99\" data-element_type=\"section\" data-settings=\"{&quot;background_background&quot;:&quot;classic&quot;,&quot;_ha_eqh_enable&quot;:false}\">\n\t\t\t\t\t\t\t<div class=\"elementor-background-overlay\"><\/div>\n\t\t\t\t\t\t\t<div class=\"elementor-container elementor-column-gap-default\">\n\t\t\t\t\t<div class=\"aux-parallax-section elementor-column elementor-col-100 elementor-top-column elementor-element elementor-element-85818a2\" data-id=\"85818a2\" data-element_type=\"column\">\n\t\t\t<div class=\"elementor-widget-wrap elementor-element-populated\">\n\t\t\t\t\t\t<div class=\"elementor-element elementor-element-d37c01d elementor-widget elementor-widget-aux_modern_heading\" data-id=\"d37c01d\" data-element_type=\"widget\" data-widget_type=\"aux_modern_heading.default\">\n\t\t\t\t<div class=\"elementor-widget-container\">\n\t\t\t\t\t<section class=\"aux-widget-modern-heading\">\n            <div class=\"aux-widget-inner\"><h2 class=\"aux-modern-heading-primary\">Estructura met\u00e1lica<\/h2><h3 class=\"aux-modern-heading-secondary\"><span class=\"aux-head-before\">Metalmecanica<\/span><\/h3><div class=\"aux-modern-heading-divider\"><\/div><\/div>\n        <\/section>\t\t\t\t<\/div>\n\t\t\t\t<\/div>\n\t\t\t\t\t<\/div>\n\t\t<\/div>\n\t\t\t\t\t<\/div>\n\t\t<\/section>\n\t\t\t\t<section class=\"elementor-section elementor-top-section elementor-element elementor-element-7fbddf1 elementor-section-full_width elementor-section-height-default elementor-section-height-default\" data-id=\"7fbddf1\" data-element_type=\"section\" data-settings=\"{&quot;_ha_eqh_enable&quot;:false}\">\n\t\t\t\t\t\t<div class=\"elementor-container elementor-column-gap-default\">\n\t\t\t\t\t<div class=\"aux-parallax-section elementor-column elementor-col-50 elementor-top-column elementor-element elementor-element-115ac7d\" data-id=\"115ac7d\" data-element_type=\"column\">\n\t\t\t<div class=\"elementor-widget-wrap elementor-element-populated\">\n\t\t\t\t\t\t<div class=\"elementor-element elementor-element-d8dc131 elementor-widget elementor-widget-aux_modern_heading\" data-id=\"d8dc131\" data-element_type=\"widget\" data-widget_type=\"aux_modern_heading.default\">\n\t\t\t\t<div class=\"elementor-widget-container\">\n\t\t\t\t\t<section class=\"aux-widget-modern-heading\">\n            <div class=\"aux-widget-inner\"><h2 class=\"aux-modern-heading-primary\">Protecci\u00f3n en Estructura met\u00e1lica<\/h2><h3 class=\"aux-modern-heading-secondary\"><span class=\"aux-head-before\">Estructura met\u00e1lica<\/span><\/h3><div class=\"aux-modern-heading-divider\"><\/div><div class=\"aux-modern-heading-description\"><p style=\"text-align: justify\">En Fergo Ingenier\u00eda, nos especializamos en el dise\u00f1o, fabricaci\u00f3n e instalaci\u00f3n de estructuras met\u00e1licas para diversos proyectos industriales y comerciales. Contamos con un equipo altamente capacitado que utiliza tecnolog\u00eda de punta para ofrecer soluciones robustas y eficientes. Desde la fabricaci\u00f3n de soportes, marcos, vigas y columnas hasta la ejecuci\u00f3n de proyectos a medida, garantizamos estructuras met\u00e1licas de alta calidad que cumplen con los m\u00e1s estrictos est\u00e1ndares de seguridad y resistencia.\n<br><br>\nCada proyecto se ejecuta con materiales de primera calidad, asegurando la durabilidad y estabilidad de las estructuras met\u00e1licas en cualquier tipo de entorno. Ya sea para edificios, plantas industriales o proyectos de infraestructura, en Fergo Ingenier\u00eda ofrecemos soluciones adaptadas a las necesidades de nuestros clientes, con tiempos de entrega puntuales y un excelente servicio postventa.<\/p><\/div><\/div>\n        <\/section>\t\t\t\t<\/div>\n\t\t\t\t<\/div>\n\t\t\t\t<div class=\"elementor-element elementor-element-fcd838a elementor-widget elementor-widget-text-editor\" data-id=\"fcd838a\" data-element_type=\"widget\" data-widget_type=\"text-editor.default\">\n\t\t\t\t<div class=\"elementor-widget-container\">\n\t\t\t\t\t\t\t\t\t<p><strong>Al contar con nuestros servicios se suministra:<\/strong><\/p>\t\t\t\t\t\t\t\t<\/div>\n\t\t\t\t<\/div>\n\t\t\t\t<div class=\"elementor-element elementor-element-db010f9 elementor-icon-list--layout-traditional elementor-list-item-link-full_width elementor-widget elementor-widget-icon-list\" data-id=\"db010f9\" data-element_type=\"widget\" data-widget_type=\"icon-list.default\">\n\t\t\t\t<div class=\"elementor-widget-container\">\n\t\t\t\t\t\t\t<ul class=\"elementor-icon-list-items\">\n\t\t\t\t\t\t\t<li class=\"elementor-icon-list-item\">\n\t\t\t\t\t\t\t\t\t\t\t<span class=\"elementor-icon-list-icon\">\n\t\t\t\t\t\t\t<i aria-hidden=\"true\" class=\"fas fa-check-double\"><\/i>\t\t\t\t\t\t<\/span>\n\t\t\t\t\t\t\t\t\t\t<span class=\"elementor-icon-list-text\">Fabricaci\u00f3n de estructuras met\u00e1licas con materiales de alta calidad.<\/span>\n\t\t\t\t\t\t\t\t\t<\/li>\n\t\t\t\t\t\t\t\t<li class=\"elementor-icon-list-item\">\n\t\t\t\t\t\t\t\t\t\t\t<span class=\"elementor-icon-list-icon\">\n\t\t\t\t\t\t\t<i aria-hidden=\"true\" class=\"fas fa-check-double\"><\/i>\t\t\t\t\t\t<\/span>\n\t\t\t\t\t\t\t\t\t\t<span class=\"elementor-icon-list-text\">Instalaci\u00f3n de cubiertas en estructura met\u00e1lica.<\/span>\n\t\t\t\t\t\t\t\t\t<\/li>\n\t\t\t\t\t\t\t\t<li class=\"elementor-icon-list-item\">\n\t\t\t\t\t\t\t\t\t\t\t<span class=\"elementor-icon-list-icon\">\n\t\t\t\t\t\t\t<i aria-hidden=\"true\" class=\"fas fa-check-double\"><\/i>\t\t\t\t\t\t<\/span>\n\t\t\t\t\t\t\t\t\t\t<span class=\"elementor-icon-list-text\">Fabricaci\u00f3n y construcci\u00f3n de tanques elevados en estructura met\u00e1lica.<\/span>\n\t\t\t\t\t\t\t\t\t<\/li>\n\t\t\t\t\t\t\t\t<li class=\"elementor-icon-list-item\">\n\t\t\t\t\t\t\t\t\t\t\t<span class=\"elementor-icon-list-icon\">\n\t\t\t\t\t\t\t<i aria-hidden=\"true\" class=\"fas fa-check-double\"><\/i>\t\t\t\t\t\t<\/span>\n\t\t\t\t\t\t\t\t\t\t<span class=\"elementor-icon-list-text\">Demas proyectos relacionados.<\/span>\n\t\t\t\t\t\t\t\t\t<\/li>\n\t\t\t\t\t\t<\/ul>\n\t\t\t\t\t\t<\/div>\n\t\t\t\t<\/div>\n\t\t\t\t<div class=\"elementor-element elementor-element-93e5b18 elementor-align-justify elementor-widget elementor-widget-button\" data-id=\"93e5b18\" data-element_type=\"widget\" data-widget_type=\"button.default\">\n\t\t\t\t<div class=\"elementor-widget-container\">\n\t\t\t\t\t\t\t\t\t<div class=\"elementor-button-wrapper\">\n\t\t\t\t\t<a class=\"elementor-button elementor-button-link elementor-size-sm\" href=\"#\">\n\t\t\t\t\t\t<span class=\"elementor-button-content-wrapper\">\n\t\t\t\t\t\t\t\t\t<span class=\"elementor-button-text\">Solicitar servicio ahora<\/span>\n\t\t\t\t\t<\/span>\n\t\t\t\t\t<\/a>\n\t\t\t\t<\/div>\n\t\t\t\t\t\t\t\t<\/div>\n\t\t\t\t<\/div>\n\t\t\t\t\t<\/div>\n\t\t<\/div>\n\t\t\t\t<div class=\"aux-parallax-section elementor-column elementor-col-50 elementor-top-column elementor-element elementor-element-81d1bcf\" data-id=\"81d1bcf\" data-element_type=\"column\">\n\t\t\t<div class=\"elementor-widget-wrap elementor-element-populated\">\n\t\t\t\t\t\t<div class=\"elementor-element elementor-element-8f23e26 elementor-widget elementor-widget-image\" data-id=\"8f23e26\" data-element_type=\"widget\" data-widget_type=\"image.default\">\n\t\t\t\t<div class=\"elementor-widget-container\">\n\t\t\t\t\t\t\t\t\t\t\t\t\t\t\t<img fetchpriority=\"high\" decoding=\"async\" width=\"652\" height=\"869\" src=\"https:\/\/fergoingenieria.com.co\/portal\/wp-content\/uploads\/2025\/02\/IMG_4953.jpg\" class=\"attachment-large size-large wp-image-2355\" alt=\"\" srcset=\"https:\/\/fergoingenieria.com.co\/portal\/wp-content\/uploads\/2025\/02\/IMG_4953.jpg 652w, https:\/\/fergoingenieria.com.co\/portal\/wp-content\/uploads\/2025\/02\/IMG_4953-200x267.jpg 200w\" sizes=\"(max-width: 652px) 100vw, 652px\" \/>\t\t\t\t\t\t\t\t\t\t\t\t\t\t\t<\/div>\n\t\t\t\t<\/div>\n\t\t\t\t\t<\/div>\n\t\t<\/div>\n\t\t\t\t\t<\/div>\n\t\t<\/section>\n\t\t\t\t<section class=\"elementor-section elementor-top-section elementor-element elementor-element-29b832f elementor-section-full_width elementor-section-height-default elementor-section-height-default\" data-id=\"29b832f\" data-element_type=\"section\" id=\"l-vertical\" data-settings=\"{&quot;background_background&quot;:&quot;classic&quot;,&quot;_ha_eqh_enable&quot;:false}\">\n\t\t\t\t\t\t<div class=\"elementor-container elementor-column-gap-default\">\n\t\t\t\t\t<div class=\"aux-parallax-section elementor-column elementor-col-33 elementor-top-column elementor-element elementor-element-9138196\" data-id=\"9138196\" data-element_type=\"column\" data-settings=\"{&quot;background_background&quot;:&quot;classic&quot;}\">\n\t\t\t<div class=\"elementor-widget-wrap elementor-element-populated\">\n\t\t\t\t\t\t<div class=\"elementor-element elementor-element-f97b191 elementor-widget elementor-widget-image\" data-id=\"f97b191\" data-element_type=\"widget\" data-widget_type=\"image.default\">\n\t\t\t\t<div class=\"elementor-widget-container\">\n\t\t\t\t\t\t\t\t\t\t\t\t\t\t\t<img decoding=\"async\" width=\"489\" height=\"869\" src=\"https:\/\/fergoingenieria.com.co\/portal\/wp-content\/uploads\/2025\/02\/1D365833-F3B0-49CD-A247-CB4D5DB7D499.jpg\" class=\"attachment-large size-large wp-image-2377\" alt=\"\" srcset=\"https:\/\/fergoingenieria.com.co\/portal\/wp-content\/uploads\/2025\/02\/1D365833-F3B0-49CD-A247-CB4D5DB7D499.jpg 489w, https:\/\/fergoingenieria.com.co\/portal\/wp-content\/uploads\/2025\/02\/1D365833-F3B0-49CD-A247-CB4D5DB7D499-200x355.jpg 200w\" sizes=\"(max-width: 489px) 100vw, 489px\" \/>\t\t\t\t\t\t\t\t\t\t\t\t\t\t\t<\/div>\n\t\t\t\t<\/div>\n\t\t\t\t\t<\/div>\n\t\t<\/div>\n\t\t\t\t<div class=\"aux-parallax-section elementor-column elementor-col-33 elementor-top-column elementor-element elementor-element-833f41f\" data-id=\"833f41f\" data-element_type=\"column\" data-settings=\"{&quot;background_background&quot;:&quot;classic&quot;}\">\n\t\t\t<div class=\"elementor-widget-wrap elementor-element-populated\">\n\t\t\t\t\t\t<div class=\"elementor-element elementor-element-e0ede1c elementor-widget elementor-widget-image\" data-id=\"e0ede1c\" data-element_type=\"widget\" data-widget_type=\"image.default\">\n\t\t\t\t<div class=\"elementor-widget-container\">\n\t\t\t\t\t\t\t\t\t\t\t\t\t\t\t<img decoding=\"async\" width=\"652\" height=\"869\" src=\"https:\/\/fergoingenieria.com.co\/portal\/wp-content\/uploads\/2025\/02\/IMG_5253.jpg\" class=\"attachment-large size-large wp-image-2374\" alt=\"\" srcset=\"https:\/\/fergoingenieria.com.co\/portal\/wp-content\/uploads\/2025\/02\/IMG_5253.jpg 652w, https:\/\/fergoingenieria.com.co\/portal\/wp-content\/uploads\/2025\/02\/IMG_5253-200x267.jpg 200w\" sizes=\"(max-width: 652px) 100vw, 652px\" \/>\t\t\t\t\t\t\t\t\t\t\t\t\t\t\t<\/div>\n\t\t\t\t<\/div>\n\t\t\t\t\t<\/div>\n\t\t<\/div>\n\t\t\t\t<div class=\"aux-parallax-section elementor-column elementor-col-33 elementor-top-column elementor-element elementor-element-0c355a2\" data-id=\"0c355a2\" data-element_type=\"column\">\n\t\t\t<div class=\"elementor-widget-wrap elementor-element-populated\">\n\t\t\t\t\t\t<div class=\"elementor-element elementor-element-a512e50 elementor-widget elementor-widget-aux_modern_heading\" data-id=\"a512e50\" data-element_type=\"widget\" data-widget_type=\"aux_modern_heading.default\">\n\t\t\t\t<div class=\"elementor-widget-container\">\n\t\t\t\t\t<section class=\"aux-widget-modern-heading\">\n            <div class=\"aux-widget-inner\"><h2 class=\"aux-modern-heading-primary\">Estructuras met\u00e1licas<\/h2><h3 class=\"aux-modern-heading-secondary\"><span class=\"aux-head-before\">Beneficios de elegir estructuras met\u00e1licas en la construcci\u00f3n<\/span><\/h3><div class=\"aux-modern-heading-divider\"><\/div><div class=\"aux-modern-heading-description\"><p style=\"text-align: justify\"><br \/><br \/><\/p><\/div><\/div>\n        <\/section>\t\t\t\t<\/div>\n\t\t\t\t<\/div>\n\t\t\t\t<div class=\"elementor-element elementor-element-a618c1f elementor-icon-list--layout-traditional elementor-list-item-link-full_width elementor-widget elementor-widget-icon-list\" data-id=\"a618c1f\" data-element_type=\"widget\" data-widget_type=\"icon-list.default\">\n\t\t\t\t<div class=\"elementor-widget-container\">\n\t\t\t\t\t\t\t<ul class=\"elementor-icon-list-items\">\n\t\t\t\t\t\t\t<li class=\"elementor-icon-list-item\">\n\t\t\t\t\t\t\t\t\t\t\t<span class=\"elementor-icon-list-icon\">\n\t\t\t\t\t\t\t<i aria-hidden=\"true\" class=\"fas fa-check-double\"><\/i>\t\t\t\t\t\t<\/span>\n\t\t\t\t\t\t\t\t\t\t<span class=\"elementor-icon-list-text\"><b>Velocidad en la Construcci\u00f3n: <\/b> cuando se eligen soluciones met\u00e1licas para la construcci\u00f3n, aumenta en gran medida la velocidad del proyecto. Los edificios con <b>estructuras met\u00e1licas <\/b> tienen un tiempo de construcci\u00f3n corto, debido a que su construcci\u00f3n se puede hacer en diferentes condiciones clim\u00e1ticas, diferente a la construcci\u00f3n tradicional donde el clima tiene un impacto m\u00e1s directo en la duraci\u00f3n del proyecto.<\/span>\n\t\t\t\t\t\t\t\t\t<\/li>\n\t\t\t\t\t\t\t\t<li class=\"elementor-icon-list-item\">\n\t\t\t\t\t\t\t\t\t\t\t<span class=\"elementor-icon-list-icon\">\n\t\t\t\t\t\t\t<i aria-hidden=\"true\" class=\"fas fa-check-double\"><\/i>\t\t\t\t\t\t<\/span>\n\t\t\t\t\t\t\t\t\t\t<span class=\"elementor-icon-list-text\"><b>Ahorro en Costos:<\/b>  la fabricaci\u00f3n y montaje del acero es econ\u00f3mica y requiere menos mantenimientos que otros m\u00e9todos de construcci\u00f3n tradicionales.  <\/span>\n\t\t\t\t\t\t\t\t\t<\/li>\n\t\t\t\t\t\t\t\t<li class=\"elementor-icon-list-item\">\n\t\t\t\t\t\t\t\t\t\t\t<span class=\"elementor-icon-list-icon\">\n\t\t\t\t\t\t\t<i aria-hidden=\"true\" class=\"fas fa-check-double\"><\/i>\t\t\t\t\t\t<\/span>\n\t\t\t\t\t\t\t\t\t\t<span class=\"elementor-icon-list-text\"><b>Gesti\u00f3n en la fabricaci\u00f3n:<\/b>  el acero estructural se elabora en f\u00e1bricas especializadas para su manejo, luego se lleva directamente al lugar de la construcci\u00f3n, donde personal especializado se encarga de la instalaci\u00f3n. Por tal motivo, las <b>estructuras en acero <\/b>  son de f\u00e1cil instalaci\u00f3n.<\/span>\n\t\t\t\t\t\t\t\t\t<\/li>\n\t\t\t\t\t\t\t\t<li class=\"elementor-icon-list-item\">\n\t\t\t\t\t\t\t\t\t\t\t<span class=\"elementor-icon-list-icon\">\n\t\t\t\t\t\t\t<i aria-hidden=\"true\" class=\"fas fa-check-double\"><\/i>\t\t\t\t\t\t<\/span>\n\t\t\t\t\t\t\t\t\t\t<span class=\"elementor-icon-list-text\"><b>Durabilidad:<\/b> la <b>construcci\u00f3n en acero estructural<\/b> , soporta fuerzas extremas y diferentes condiciones clim\u00e1ticas, por eso, es un material id\u00f3neo para trabajar en zonas con \u00edndices de movimientos s\u00edsmicos. Es mas resistente, mantiene la uniformidad de los materiales y perdura en el tiempo. <\/span>\n\t\t\t\t\t\t\t\t\t<\/li>\n\t\t\t\t\t\t<\/ul>\n\t\t\t\t\t\t<\/div>\n\t\t\t\t<\/div>\n\t\t\t\t<div class=\"elementor-element elementor-element-49d287b elementor-align-justify elementor-widget elementor-widget-button\" data-id=\"49d287b\" data-element_type=\"widget\" data-widget_type=\"button.default\">\n\t\t\t\t<div class=\"elementor-widget-container\">\n\t\t\t\t\t\t\t\t\t<div class=\"elementor-button-wrapper\">\n\t\t\t\t\t<a class=\"elementor-button elementor-button-link elementor-size-sm\" href=\"#\">\n\t\t\t\t\t\t<span class=\"elementor-button-content-wrapper\">\n\t\t\t\t\t\t\t\t\t<span class=\"elementor-button-text\">Solictar servicio ahora<\/span>\n\t\t\t\t\t<\/span>\n\t\t\t\t\t<\/a>\n\t\t\t\t<\/div>\n\t\t\t\t\t\t\t\t<\/div>\n\t\t\t\t<\/div>\n\t\t\t\t\t<\/div>\n\t\t<\/div>\n\t\t\t\t\t<\/div>\n\t\t<\/section>\n\t\t\t\t<\/div>\n\t\t","protected":false},"excerpt":{"rendered":"<p>Estructura met\u00e1lica Metalmecanica Protecci\u00f3n en Estructura met\u00e1lica Estructura met\u00e1lica En Fergo Ingenier\u00eda, nos especializamos en el dise\u00f1o, fabricaci\u00f3n e instalaci\u00f3n de estructuras met\u00e1licas para diversos proyectos industriales y comerciales. Contamos con un equipo altamente capacitado que utiliza tecnolog\u00eda de punta para ofrecer soluciones robustas y eficientes. Desde la fabricaci\u00f3n de soportes, marcos, vigas y columnas [&hellip;]<\/p>\n","protected":false},"author":3,"featured_media":0,"parent":0,"menu_order":0,"comment_status":"closed","ping_status":"closed","template":"elementor_header_footer","meta":{"footnotes":""},"class_list":["post-2332","page","type-page","status-publish","hentry"],"_links":{"self":[{"href":"https:\/\/fergoingenieria.com.co\/portal\/wp-json\/wp\/v2\/pages\/2332","targetHints":{"allow":["GET"]}}],"collection":[{"href":"https:\/\/fergoingenieria.com.co\/portal\/wp-json\/wp\/v2\/pages"}],"about":[{"href":"https:\/\/fergoingenieria.com.co\/portal\/wp-json\/wp\/v2\/types\/page"}],"author":[{"embeddable":true,"href":"https:\/\/fergoingenieria.com.co\/portal\/wp-json\/wp\/v2\/users\/3"}],"replies":[{"embeddable":true,"href":"https:\/\/fergoingenieria.com.co\/portal\/wp-json\/wp\/v2\/comments?post=2332"}],"version-history":[{"count":46,"href":"https:\/\/fergoingenieria.com.co\/portal\/wp-json\/wp\/v2\/pages\/2332\/revisions"}],"predecessor-version":[{"id":2389,"href":"https:\/\/fergoingenieria.com.co\/portal\/wp-json\/wp\/v2\/pages\/2332\/revisions\/2389"}],"wp:attachment":[{"href":"https:\/\/fergoingenieria.com.co\/portal\/wp-json\/wp\/v2\/media?parent=2332"}],"curies":[{"name":"wp","href":"https:\/\/api.w.org\/{rel}","templated":true}]}}